 {"id":1267,"date":"2021-07-20T08:32:59","date_gmt":"2021-07-20T08:32:59","guid":{"rendered":"https:\/\/www.markeline.com\/la-compania\/"},"modified":"2023-01-20T11:53:22","modified_gmt":"2023-01-20T11:53:22","slug":"die-theatergruppe","status":"publish","type":"page","link":"https:\/\/www.markeline.com\/de\/die-theatergruppe\/","title":{"rendered":"Die theatergruppe"},"content":{"rendered":"<section class=\"pt-5\">\r\n   <div class=\"container\">\r\n       <h2 class=\"text-center m-b-50\">Seit 1984 begeistern wir er durch visuelles Theater und originelle Kreationen. <\/h2>\r\n      <div class=\"row m-b-20\">\r\n     <div class=\"col-md-6 align-self-center text-center\">\r\n<div class=\"portfolio-item\">\r\n<div class=\"portfolio-wrapper\">\r\n<img alt=\"Markeline\" data-src=\"https:\/\/www.markeline.com\/assets\/media\/compania01.jpg\" class=\"lazyload\">\r\n\r\n<div class=\"portfolio-overlay\"><\/div>\r\n<div class=\"portfolio-caption\">\r\nBei Markeli\u00f1e gibt es ein klares Bekenntnis zur originellen Kreation und Zeitgenossenschaft.\u00a0 Wir schaffen Geschichten, die sich mit der Welt und der Zeit, in der wir leben, auseinandersetzen. Mit einem kritischen Blick auf unsere Zeit und unser Ged\u00e4chtnis. Geschichten, bei denen der Zuschauer das Vergn\u00fcgen versp\u00fcrt, ihre Konflikte und Widerspr\u00fcche auf eine sch\u00f6ne und intelligente Weise zu betrachten.\r\n\r\n<\/div>\r\n<\/div>\r\n<\/div>\r\n<\/div>\r\n<div class=\"col-md-6 align-self-center text-center\">\r\n<h3>Originelle Kreation<\/h3>\r\n<\/div>\r\n<\/div>\r\n<div class=\"row m-b-20\">\r\n<div class=\"col-md-6 align-self-center text-center\">\r\n<h3>Forschung<\/h3>\r\n \r\n<\/div>\r\n\r\n<div class=\"col-md-6 align-self-center text-center\">\r\n\r\n<div class=\"portfolio-item\">\r\n<div class=\"portfolio-wrapper\">\r\n<img alt=\"Markeline\" data-src=\"https:\/\/www.markeline.com\/assets\/media\/compania03.jpg\" class=\"lazyload\">\r\n<div class=\"portfolio-overlay\"><\/div>\r\n<div class=\"portfolio-caption\">\r\nMarkeli\u00f1e kreiert Shows mit einem sehr pers\u00f6nlichen Stil. Die visuelle Sorgfalt, die Gesten der Schauspieler, die Erforschung von Objekten und Sprachen sind Elemente, die eine besondere Art des Handelns ausmachen.\u00a0\r\n<\/div>\r\n<\/div>\r\n<\/div>\r\n<\/div>\r\n\r\n<\/div>\r\n <div class=\"row m-b-20\">\r\n     <div class=\"col-md-6 align-self-center text-center\">\r\n\r\n<div class=\"portfolio-item\">\r\n<div class=\"portfolio-wrapper\">\r\n<img alt=\"Markeline\" data-src=\"https:\/\/www.markeline.com\/assets\/media\/compania04.jpg\" class=\"lazyload\">\r\n\r\n<div class=\"portfolio-overlay\"><\/div>\r\n<div class=\"portfolio-caption\">\r\nGeschichten, die der Betrachter aus Vorschl\u00e4gen konstruiert, manchmal minimal, universell, emotional, poetisch, \u2026 Wenn wir kreieren, verzichten wir nicht auf die intuitiven Werkzeuge einer freien Sch\u00f6pfung und brechen so, koh\u00e4rent in Wesen und Anspruch, die bereits bekannte Form, um neue Territorien und szenische Sprachen zu bereisen.\u00a0\r\n<\/div>\r\n<\/div>\r\n<\/div>\r\n<\/div>\r\n<div class=\"col-md-6 align-self-center text-center\">\r\n<h3>Dramaturgie<\/h3>\r\n<\/div>\r\n<\/div>\r\n  <div class=\"row m-b-50\">\r\n\r\n<div class=\"col-md-6 align-self-center text-center\">\r\n<h3>Internationalisierung<\/h3>\r\n<\/div>\r\n<div class=\"col-md-6 align-self-center text-center\">\r\n\r\n<div class=\"portfolio-item\">\r\n<div class=\"portfolio-wrapper \">\r\n<img alt=\"Markeline\" data-src=\"https:\/\/www.markeline.com\/assets\/media\/compania02.jpg\" class=\"lazyload\">\r\n<div class=\"portfolio-overlay\"><\/div>\r\n<div class=\"portfolio-caption\">\r\nWir kreieren f\u00fcr gro\u00dfe, offene und geschlossene R\u00e4ume, Hallen, verschiedene Altersgruppen und Gemeinpl\u00e4tze. In jedem Bereich erkennen wir ein Kollektiv, das seine eigene Sprache hat und originelle, fantasievolle und \u00fcberraschende Kreationen vorschl\u00e4gt. Aus diesem Grund ist Markeli\u00f1e in der Theaterszene sehr pr\u00e4sent. Hervorzuheben ist ihre Beteiligung mit ihren Vorschl\u00e4gen auf der internationalen B\u00fchne.\r\n\r\n<\/div>\r\n<\/div>\r\n<\/div>\r\n<\/div>\r\n\r\n\r\n<section style=\"display: none\">\r\n   <div class=\"container\">\r\n      <hr class=\"my-4\">\r\n      <article class=\"h3 mb-0\" style=\"color : #fff;\">Hemeroteca : espect\u00e1culos pasados<\/article>\r\n   <\/div>\r\n<section class=\"espectaculos__block\">\n\t<div class=\"espectaculos__container container\">\n\t\t<div class=\"espectaculos__carousel owl-carousel owl-theme\" data-dots=\"false\" data-nav=\"true\" data-loop=\"false\" data-margin=\"0\" data-responsive='{ \"0\" : { \"items\" : \"1\" }, \"576\" : { \"items\" : \"2\" }, \"1200\" : { \"items\" : \"3\" } }' data-auto-play=\"true\" data-auto-play-speed=\"600\" data-auto-play-hover-pause=\"true\" data-auto-play-time-out=\"5600\">\n\t\t\t<article class=\"item-espectaculo\">\n\t<div class=\"item-espectaculo__card\">\n\t\t<main class=\"item-espectaculo__main\">\n\t\t\t<h4 class=\"item-espectaculo__title\">\n\t\t\t\tCARBON CLUB\t\t\t<\/h4>\n\t\t\t\t\t\t<footer class=\"item-espectaculo__cta\">\n\t\t\t\t<button class=\"item-espectaculo__button\">\n\t\t\t\t\tMehr Info\t\t\t\t<\/button>\t\t\t\t\n\t\t\t<\/footer>\t\t\t\n\t\t<\/main>\n\t\t<aside class=\"item-espectaculo__bg\">\n\t\t\t<picture id=\"thumbnail-298\" class=\"cb-img-thumbnail ratio-vertical\"><source media=\"(max-width: 150px)\" data-srcset=\"https:\/\/www.markeline.com\/assets\/media\/Cartel-CARBONCLUB-MARKELIN\u0303E-150x213.jpg\"><source media=\"(max-width: 300px)\" data-srcset=\"https:\/\/www.markeline.com\/assets\/media\/Cartel-CARBONCLUB-MARKELIN\u0303E-300x426.jpg\"><source media=\"(max-width: 400px)\" data-srcset=\"https:\/\/www.markeline.com\/assets\/media\/Cartel-CARBONCLUB-MARKELIN\u0303E-400x568.jpg\"><source media=\"(max-width: 480px)\" data-srcset=\"https:\/\/www.markeline.com\/assets\/media\/Cartel-CARBONCLUB-MARKELIN\u0303E-480x682.jpg\"><source media=\"(max-width: 550px)\" data-srcset=\"https:\/\/www.markeline.com\/assets\/media\/Cartel-CARBONCLUB-MARKELIN\u0303E-550x782.jpg\"><source media=\"(max-width: 768px)\" data-srcset=\"https:\/\/www.markeline.com\/assets\/media\/Cartel-CARBONCLUB-MARKELIN\u0303E-768x1091.jpg\"><img class=\"lazyload \" data-src=\"https:\/\/www.markeline.com\/assets\/media\/Cartel-CARBONCLUB-MARKELIN\u0303E-768x1091.jpg\" alt=\"CARBON CLUB. Espect\u00e1culo de calle de gran formato de Markeli\u00f1e. Nocturno. Emotivo. Cabaret. Mina de carb\u00f3n. Spectacle de rue grand format de Markeli\u00f1e. Nocturne. \u00c9motionnel. Cabaret. Mine de charbon.\"><\/source><\/source><\/source><\/source><\/source><\/source><\/picture>\t\t<\/aside>\n\t\t<a class=\"item-espectaculo__link\" href=\"https:\/\/www.markeline.com\/de\/zeigt-an\/carbon-club\"><\/a>\n\t<\/div>\n<\/article><article class=\"item-espectaculo\">\n\t<div class=\"item-espectaculo__card\">\n\t\t<main class=\"item-espectaculo__main\">\n\t\t\t<h4 class=\"item-espectaculo__title\">\n\t\t\t\tLA VUELTA AL MUNDO EN 80 CAJAS\t\t\t<\/h4>\n\t\t\t\t\t\t<div class=\"item-espectaculo__subtitle\">\n\t\t\t\tEspect\u00e1culo familiar<br>\r\n+4 a\u00f1os<br>\r\n<br>\r\n<br>\r\n<br>\r\nEspect\u00e1culo familiar<br>\r\n+ 4 a\u00f1os\t\t\t<\/div>\n\t\t\t\t\t\t<footer class=\"item-espectaculo__cta\">\n\t\t\t\t<button class=\"item-espectaculo__button\">\n\t\t\t\t\tMehr Info\t\t\t\t<\/button>\t\t\t\t\n\t\t\t<\/footer>\t\t\t\n\t\t<\/main>\n\t\t<aside class=\"item-espectaculo__bg\">\n\t\t\t<picture id=\"thumbnail-1757\" class=\"cb-img-thumbnail ratio-vertical\"><source media=\"(max-width: 150px)\" data-srcset=\"https:\/\/www.markeline.com\/assets\/media\/cartel-la-vuelta-ENVIO-castellano-150x212.jpg\"><source media=\"(max-width: 300px)\" data-srcset=\"https:\/\/www.markeline.com\/assets\/media\/cartel-la-vuelta-ENVIO-castellano-300x424.jpg\"><source media=\"(max-width: 400px)\" data-srcset=\"https:\/\/www.markeline.com\/assets\/media\/cartel-la-vuelta-ENVIO-castellano-400x566.jpg\"><source media=\"(max-width: 480px)\" data-srcset=\"https:\/\/www.markeline.com\/assets\/media\/cartel-la-vuelta-ENVIO-castellano-480x679.jpg\"><source media=\"(max-width: 550px)\" data-srcset=\"https:\/\/www.markeline.com\/assets\/media\/cartel-la-vuelta-ENVIO-castellano-550x778.jpg\"><source media=\"(max-width: 768px)\" data-srcset=\"https:\/\/www.markeline.com\/assets\/media\/cartel-la-vuelta-ENVIO-castellano-768x1086.jpg\"><img class=\"lazyload \" data-src=\"https:\/\/www.markeline.com\/assets\/media\/cartel-la-vuelta-ENVIO-castellano-768x1086.jpg\" alt=\"Cartel obra de teatro Kartoi biraka\"><\/source><\/source><\/source><\/source><\/source><\/source><\/picture>\t\t<\/aside>\n\t\t<a class=\"item-espectaculo__link\" href=\"https:\/\/www.markeline.com\/de\/zeigt-an\/la-vuelta-al-mundo-en-80-cajas\"><\/a>\n\t<\/div>\n<\/article><article class=\"item-espectaculo\">\n\t<div class=\"item-espectaculo__card\">\n\t\t<main class=\"item-espectaculo__main\">\n\t\t\t<h4 class=\"item-espectaculo__title\">\n\t\t\t\tPSIKE\t\t\t<\/h4>\n\t\t\t\t\t\t<footer class=\"item-espectaculo__cta\">\n\t\t\t\t<button class=\"item-espectaculo__button\">\n\t\t\t\t\tMehr Info\t\t\t\t<\/button>\t\t\t\t\n\t\t\t<\/footer>\t\t\t\n\t\t<\/main>\n\t\t<aside class=\"item-espectaculo__bg\">\n\t\t\t<picture id=\"thumbnail-989\" class=\"cb-img-thumbnail ratio-horizontal\"><source media=\"(max-width: 150px)\" data-srcset=\"https:\/\/www.markeline.com\/assets\/media\/MARKELIN\u0303E-PSIKE_8158-copia-Txelu_Angoitia-150x100.jpg\"><source media=\"(max-width: 300px)\" data-srcset=\"https:\/\/www.markeline.com\/assets\/media\/MARKELIN\u0303E-PSIKE_8158-copia-Txelu_Angoitia-300x200.jpg\"><source media=\"(max-width: 400px)\" data-srcset=\"https:\/\/www.markeline.com\/assets\/media\/MARKELIN\u0303E-PSIKE_8158-copia-Txelu_Angoitia-400x267.jpg\"><source media=\"(max-width: 480px)\" data-srcset=\"https:\/\/www.markeline.com\/assets\/media\/MARKELIN\u0303E-PSIKE_8158-copia-Txelu_Angoitia-480x321.jpg\"><source media=\"(max-width: 550px)\" data-srcset=\"https:\/\/www.markeline.com\/assets\/media\/MARKELIN\u0303E-PSIKE_8158-copia-Txelu_Angoitia-550x367.jpg\"><source media=\"(max-width: 768px)\" data-srcset=\"https:\/\/www.markeline.com\/assets\/media\/MARKELIN\u0303E-PSIKE_8158-copia-Txelu_Angoitia-768x513.jpg\"><img class=\"lazyload \" data-src=\"https:\/\/www.markeline.com\/assets\/media\/MARKELIN\u0303E-PSIKE_8158-copia-Txelu_Angoitia-768x513.jpg\" alt=\"PSIKE. Espect\u00e1culo de teatro de calle de gran formato nocturno. Spectacle de th\u00e9\u00e2tre de rue grand format pour la soir\u00e9e. \"><\/source><\/source><\/source><\/source><\/source><\/source><\/picture>\t\t<\/aside>\n\t\t<a class=\"item-espectaculo__link\" href=\"https:\/\/www.markeline.com\/de\/zeigt-an\/psike\"><\/a>\n\t<\/div>\n<\/article>\t\t<\/div>\n\t<\/div>\n<\/section>\r\n<\/section><\/div><\/div><\/section>","protected":false},"excerpt":{"rendered":"<p>Seit 1984 begeistern wir er durch visuelles Theater und originelle Kreationen. Bei Markeli\u00f1e gibt es ein klares Bekenntnis zur originellen Kreation und Zeitgenossenschaft.\u00a0 Wir schaffen Geschichten, die sich mit der Welt und der Zeit, in der wir leben, auseinandersetzen. Mit einem kritischen Blick auf unsere Zeit und unser Ged\u00e4chtnis. Geschichten, bei denen der Zuschauer das [&hellip;]<\/p>\n","protected":false},"author":1,"featured_media":1054,"parent":0,"menu_order":0,"comment_status":"closed","ping_status":"closed","template":"","meta":{"_acf_changed":false,"footnotes":""},"class_list":["post-1267","page","type-page","status-publish","has-post-thumbnail","hentry"],"acf":[],"yoast_head":"<!-- This site is optimized with the Yoast SEO plugin v27.1.1 - https:\/\/yoast.com\/product\/yoast-seo-wordpress\/ -->\n<title>Die theatergruppe - Markeli\u00f1e- Compa\u00f1\u00eda de Teatro<\/title>\n<meta name=\"robots\" content=\"index, follow, max-snippet:-1, max-image-preview:large, max-video-preview:-1\" \/>\n<link rel=\"canonical\" href=\"https:\/\/www.markeline.com\/de\/die-theatergruppe\/\" \/>\n<meta property=\"og:locale\" content=\"de_DE\" \/>\n<meta property=\"og:type\" content=\"article\" \/>\n<meta property=\"og:title\" content=\"Die theatergruppe - Markeli\u00f1e- Compa\u00f1\u00eda de Teatro\" \/>\n<meta property=\"og:description\" content=\"Seit 1984 begeistern wir er durch visuelles Theater und originelle Kreationen. Bei Markeli\u00f1e gibt es ein klares Bekenntnis zur originellen Kreation und Zeitgenossenschaft.\u00a0 Wir schaffen Geschichten, die sich mit der Welt und der Zeit, in der wir leben, auseinandersetzen. Mit einem kritischen Blick auf unsere Zeit und unser Ged\u00e4chtnis. Geschichten, bei denen der Zuschauer das [&hellip;]\" \/>\n<meta property=\"og:url\" content=\"https:\/\/www.markeline.com\/de\/die-theatergruppe\/\" \/>\n<meta property=\"og:site_name\" content=\"Markeli\u00f1e- Compa\u00f1\u00eda de Teatro\" \/>\n<meta property=\"article:publisher\" content=\"https:\/\/www.facebook.com\/markeline.teatroa\" \/>\n<meta property=\"article:modified_time\" content=\"2023-01-20T11:53:22+00:00\" \/>\n<meta property=\"og:image\" content=\"https:\/\/www.markeline.com\/assets\/media\/MARKELIN\u0303E-Psike_DSC9043NIKON-D800-Luis_Antonio_Barajas.jpg\" \/>\n\t<meta property=\"og:image:width\" content=\"1000\" \/>\n\t<meta property=\"og:image:height\" content=\"724\" \/>\n\t<meta property=\"og:image:type\" content=\"image\/jpeg\" \/>\n<meta name=\"twitter:card\" content=\"summary_large_image\" \/>\n<meta name=\"twitter:site\" content=\"@markelineteatro\" \/>\n<meta name=\"twitter:label1\" content=\"Gesch\u00e4tzte Lesezeit\" \/>\n\t<meta name=\"twitter:data1\" content=\"1\u00a0Minute\" \/>\n<script type=\"application\/ld+json\" class=\"yoast-schema-graph\">{\"@context\":\"https:\/\/schema.org\",\"@graph\":[{\"@type\":\"WebPage\",\"@id\":\"https:\/\/www.markeline.com\/de\/die-theatergruppe\/\",\"url\":\"https:\/\/www.markeline.com\/de\/die-theatergruppe\/\",\"name\":\"Die theatergruppe - Markeli\u00f1e- Compa\u00f1\u00eda de Teatro\",\"isPartOf\":{\"@id\":\"https:\/\/www.markeline.com\/de\/#website\"},\"primaryImageOfPage\":{\"@id\":\"https:\/\/www.markeline.com\/de\/die-theatergruppe\/#primaryimage\"},\"image\":{\"@id\":\"https:\/\/www.markeline.com\/de\/die-theatergruppe\/#primaryimage\"},\"thumbnailUrl\":\"https:\/\/www.markeline.com\/assets\/media\/MARKELIN\u0303E-Psike_DSC9043NIKON-D800-Luis_Antonio_Barajas.jpg\",\"datePublished\":\"2021-07-20T08:32:59+00:00\",\"dateModified\":\"2023-01-20T11:53:22+00:00\",\"breadcrumb\":{\"@id\":\"https:\/\/www.markeline.com\/de\/die-theatergruppe\/#breadcrumb\"},\"inLanguage\":\"de\",\"potentialAction\":[{\"@type\":\"ReadAction\",\"target\":[\"https:\/\/www.markeline.com\/de\/die-theatergruppe\/\"]}]},{\"@type\":\"ImageObject\",\"inLanguage\":\"de\",\"@id\":\"https:\/\/www.markeline.com\/de\/die-theatergruppe\/#primaryimage\",\"url\":\"https:\/\/www.markeline.com\/assets\/media\/MARKELIN\u0303E-Psike_DSC9043NIKON-D800-Luis_Antonio_Barajas.jpg\",\"contentUrl\":\"https:\/\/www.markeline.com\/assets\/media\/MARKELIN\u0303E-Psike_DSC9043NIKON-D800-Luis_Antonio_Barajas.jpg\",\"width\":1000,\"height\":724,\"caption\":\"PSIKE. Espect\u00e1culo de teatro de calle de gran formato nocturno. Spectacle de th\u00e9\u00e2tre de rue grand format pour la soir\u00e9e.\"},{\"@type\":\"BreadcrumbList\",\"@id\":\"https:\/\/www.markeline.com\/de\/die-theatergruppe\/#breadcrumb\",\"itemListElement\":[{\"@type\":\"ListItem\",\"position\":1,\"name\":\"Portada\",\"item\":\"https:\/\/www.markeline.com\/de\/\"},{\"@type\":\"ListItem\",\"position\":2,\"name\":\"Die theatergruppe\"}]},{\"@type\":\"WebSite\",\"@id\":\"https:\/\/www.markeline.com\/de\/#website\",\"url\":\"https:\/\/www.markeline.com\/de\/\",\"name\":\"Markeli\u00f1e- Compa\u00f1\u00eda de Teatro\",\"description\":\"Teatro de calle | Teatro infantil | Teatro gestual | Teatro visual\",\"publisher\":{\"@id\":\"https:\/\/www.markeline.com\/de\/#organization\"},\"alternateName\":\"Teatro de calle | Teatro infantil | Teatro gestual | Teatro visual\",\"potentialAction\":[{\"@type\":\"SearchAction\",\"target\":{\"@type\":\"EntryPoint\",\"urlTemplate\":\"https:\/\/www.markeline.com\/de\/?s={search_term_string}\"},\"query-input\":{\"@type\":\"PropertyValueSpecification\",\"valueRequired\":true,\"valueName\":\"search_term_string\"}}],\"inLanguage\":\"de\"},{\"@type\":\"Organization\",\"@id\":\"https:\/\/www.markeline.com\/de\/#organization\",\"name\":\"Markeli\u00f1e\",\"alternateName\":\"Teatro de calle | Teatro infantil | Teatro gestual | Teatro visual\",\"url\":\"https:\/\/www.markeline.com\/de\/\",\"logo\":{\"@type\":\"ImageObject\",\"inLanguage\":\"de\",\"@id\":\"https:\/\/www.markeline.com\/de\/#\/schema\/logo\/image\/\",\"url\":\"https:\/\/www.markeline.com\/assets\/media\/logo-markeline.png\",\"contentUrl\":\"https:\/\/www.markeline.com\/assets\/media\/logo-markeline.png\",\"width\":250,\"height\":64,\"caption\":\"Markeli\u00f1e\"},\"image\":{\"@id\":\"https:\/\/www.markeline.com\/de\/#\/schema\/logo\/image\/\"},\"sameAs\":[\"https:\/\/www.facebook.com\/markeline.teatroa\",\"https:\/\/x.com\/markelineteatro\",\"https:\/\/www.instagram.com\/markelinecompaniateatro\/\",\"https:\/\/www.youtube.com\/channel\/UCmRdAdgp8cP3wCGamc6Llfg\"]}]}<\/script>\n<!-- \/ Yoast SEO plugin. -->","yoast_head_json":{"title":"Die theatergruppe - Markeli\u00f1e- Compa\u00f1\u00eda de Teatro","robots":{"index":"index","follow":"follow","max-snippet":"max-snippet:-1","max-image-preview":"max-image-preview:large","max-video-preview":"max-video-preview:-1"},"canonical":"https:\/\/www.markeline.com\/de\/die-theatergruppe\/","og_locale":"de_DE","og_type":"article","og_title":"Die theatergruppe - Markeli\u00f1e- Compa\u00f1\u00eda de Teatro","og_description":"Seit 1984 begeistern wir er durch visuelles Theater und originelle Kreationen. Bei Markeli\u00f1e gibt es ein klares Bekenntnis zur originellen Kreation und Zeitgenossenschaft.\u00a0 Wir schaffen Geschichten, die sich mit der Welt und der Zeit, in der wir leben, auseinandersetzen. Mit einem kritischen Blick auf unsere Zeit und unser Ged\u00e4chtnis. Geschichten, bei denen der Zuschauer das [&hellip;]","og_url":"https:\/\/www.markeline.com\/de\/die-theatergruppe\/","og_site_name":"Markeli\u00f1e- Compa\u00f1\u00eda de Teatro","article_publisher":"https:\/\/www.facebook.com\/markeline.teatroa","article_modified_time":"2023-01-20T11:53:22+00:00","og_image":[{"width":1000,"height":724,"url":"https:\/\/www.markeline.com\/assets\/media\/MARKELIN\u0303E-Psike_DSC9043NIKON-D800-Luis_Antonio_Barajas.jpg","type":"image\/jpeg"}],"twitter_card":"summary_large_image","twitter_site":"@markelineteatro","twitter_misc":{"Gesch\u00e4tzte Lesezeit":"1\u00a0Minute"},"schema":{"@context":"https:\/\/schema.org","@graph":[{"@type":"WebPage","@id":"https:\/\/www.markeline.com\/de\/die-theatergruppe\/","url":"https:\/\/www.markeline.com\/de\/die-theatergruppe\/","name":"Die theatergruppe - Markeli\u00f1e- Compa\u00f1\u00eda de Teatro","isPartOf":{"@id":"https:\/\/www.markeline.com\/de\/#website"},"primaryImageOfPage":{"@id":"https:\/\/www.markeline.com\/de\/die-theatergruppe\/#primaryimage"},"image":{"@id":"https:\/\/www.markeline.com\/de\/die-theatergruppe\/#primaryimage"},"thumbnailUrl":"https:\/\/www.markeline.com\/assets\/media\/MARKELIN\u0303E-Psike_DSC9043NIKON-D800-Luis_Antonio_Barajas.jpg","datePublished":"2021-07-20T08:32:59+00:00","dateModified":"2023-01-20T11:53:22+00:00","breadcrumb":{"@id":"https:\/\/www.markeline.com\/de\/die-theatergruppe\/#breadcrumb"},"inLanguage":"de","potentialAction":[{"@type":"ReadAction","target":["https:\/\/www.markeline.com\/de\/die-theatergruppe\/"]}]},{"@type":"ImageObject","inLanguage":"de","@id":"https:\/\/www.markeline.com\/de\/die-theatergruppe\/#primaryimage","url":"https:\/\/www.markeline.com\/assets\/media\/MARKELIN\u0303E-Psike_DSC9043NIKON-D800-Luis_Antonio_Barajas.jpg","contentUrl":"https:\/\/www.markeline.com\/assets\/media\/MARKELIN\u0303E-Psike_DSC9043NIKON-D800-Luis_Antonio_Barajas.jpg","width":1000,"height":724,"caption":"PSIKE. Espect\u00e1culo de teatro de calle de gran formato nocturno. Spectacle de th\u00e9\u00e2tre de rue grand format pour la soir\u00e9e."},{"@type":"BreadcrumbList","@id":"https:\/\/www.markeline.com\/de\/die-theatergruppe\/#breadcrumb","itemListElement":[{"@type":"ListItem","position":1,"name":"Portada","item":"https:\/\/www.markeline.com\/de\/"},{"@type":"ListItem","position":2,"name":"Die theatergruppe"}]},{"@type":"WebSite","@id":"https:\/\/www.markeline.com\/de\/#website","url":"https:\/\/www.markeline.com\/de\/","name":"Markeli\u00f1e- Compa\u00f1\u00eda de Teatro","description":"Teatro de calle | Teatro infantil | Teatro gestual | Teatro visual","publisher":{"@id":"https:\/\/www.markeline.com\/de\/#organization"},"alternateName":"Teatro de calle | Teatro infantil | Teatro gestual | Teatro visual","potentialAction":[{"@type":"SearchAction","target":{"@type":"EntryPoint","urlTemplate":"https:\/\/www.markeline.com\/de\/?s={search_term_string}"},"query-input":{"@type":"PropertyValueSpecification","valueRequired":true,"valueName":"search_term_string"}}],"inLanguage":"de"},{"@type":"Organization","@id":"https:\/\/www.markeline.com\/de\/#organization","name":"Markeli\u00f1e","alternateName":"Teatro de calle | Teatro infantil | Teatro gestual | Teatro visual","url":"https:\/\/www.markeline.com\/de\/","logo":{"@type":"ImageObject","inLanguage":"de","@id":"https:\/\/www.markeline.com\/de\/#\/schema\/logo\/image\/","url":"https:\/\/www.markeline.com\/assets\/media\/logo-markeline.png","contentUrl":"https:\/\/www.markeline.com\/assets\/media\/logo-markeline.png","width":250,"height":64,"caption":"Markeli\u00f1e"},"image":{"@id":"https:\/\/www.markeline.com\/de\/#\/schema\/logo\/image\/"},"sameAs":["https:\/\/www.facebook.com\/markeline.teatroa","https:\/\/x.com\/markelineteatro","https:\/\/www.instagram.com\/markelinecompaniateatro\/","https:\/\/www.youtube.com\/channel\/UCmRdAdgp8cP3wCGamc6Llfg"]}]}},"_links":{"self":[{"href":"https:\/\/www.markeline.com\/de\/wp-json\/wp\/v2\/pages\/1267","targetHints":{"allow":["GET"]}}],"collection":[{"href":"https:\/\/www.markeline.com\/de\/wp-json\/wp\/v2\/pages"}],"about":[{"href":"https:\/\/www.markeline.com\/de\/wp-json\/wp\/v2\/types\/page"}],"author":[{"embeddable":true,"href":"https:\/\/www.markeline.com\/de\/wp-json\/wp\/v2\/users\/1"}],"replies":[{"embeddable":true,"href":"https:\/\/www.markeline.com\/de\/wp-json\/wp\/v2\/comments?post=1267"}],"version-history":[{"count":38,"href":"https:\/\/www.markeline.com\/de\/wp-json\/wp\/v2\/pages\/1267\/revisions"}],"predecessor-version":[{"id":1645,"href":"https:\/\/www.markeline.com\/de\/wp-json\/wp\/v2\/pages\/1267\/revisions\/1645"}],"wp:featuredmedia":[{"embeddable":true,"href":"https:\/\/www.markeline.com\/de\/wp-json\/wp\/v2\/media\/1054"}],"wp:attachment":[{"href":"https:\/\/www.markeline.com\/de\/wp-json\/wp\/v2\/media?parent=1267"}],"curies":[{"name":"wp","href":"https:\/\/api.w.org\/{rel}","templated":true}]}}