 {"id":1265,"date":"2021-07-20T08:32:59","date_gmt":"2021-07-20T08:32:59","guid":{"rendered":"https:\/\/www.markeline.com\/la-compania\/"},"modified":"2023-01-20T11:14:18","modified_gmt":"2023-01-20T11:14:18","slug":"the-company","status":"publish","type":"page","link":"https:\/\/www.markeline.com\/en\/the-company\/","title":{"rendered":"The company"},"content":{"rendered":"<section class=\"pt-5\">\r\n   <div class=\"container\">\r\n       <h2 class=\"text-center m-b-50\">Since 1984, generating enthusiasm through visual theatre and original creations. <\/h2>\r\n      <div class=\"row m-b-20\">\r\n     <div class=\"col-md-6 align-self-center text-center\">\r\n<div class=\"portfolio-item\">\r\n<div class=\"portfolio-wrapper\">\r\n<img alt=\"Markeline\" data-src=\"https:\/\/www.markeline.com\/assets\/media\/compania01.jpg\" class=\"lazyload\">\r\n\r\n<div class=\"portfolio-overlay\"><\/div>\r\n<div class=\"portfolio-caption\">\r\nMarkeli\u00f1e is clearly committed to original and contemporary creations. We create stories that challenge the world and the times in which we live. A critical perspective on our time and memories. Stories where the spectator can feel the pleasure of contemplating their conflicts and contradictions reflected in a beautiful and intelligent way.\r\n\r\n<\/div>\r\n<\/div>\r\n<\/div>\r\n<\/div>\r\n<div class=\"col-md-6 align-self-center text-center\">\r\n<h3>Original creation<\/h3>\r\n<\/div>\r\n<\/div>\r\n<div class=\"row m-b-20\">\r\n<div class=\"col-md-6 align-self-center text-center\">\r\n<h3>Research<\/h3>\r\n \r\n<\/div>\r\n\r\n<div class=\"col-md-6 align-self-center text-center\">\r\n\r\n<div class=\"portfolio-item\">\r\n<div class=\"portfolio-wrapper\">\r\n<img alt=\"Markeline\" data-src=\"https:\/\/www.markeline.com\/assets\/media\/compania03.jpg\" class=\"lazyload\">\r\n<div class=\"portfolio-overlay\"><\/div>\r\n<div class=\"portfolio-caption\">\r\nMarkeli\u00f1e uses an extremely personal style when it comes to creating its shows. The visual care, the actor\u2019s gestures, the research on objects and languages, are elements that shape our approach to creativity.\r\n<\/div>\r\n<\/div>\r\n<\/div>\r\n<\/div>\r\n\r\n<\/div>\r\n <div class=\"row m-b-20\">\r\n     <div class=\"col-md-6 align-self-center text-center\">\r\n\r\n<div class=\"portfolio-item\">\r\n<div class=\"portfolio-wrapper\">\r\n<img alt=\"Markeline\" data-src=\"https:\/\/www.markeline.com\/assets\/media\/compania04.jpg\" class=\"lazyload\">\r\n\r\n<div class=\"portfolio-overlay\"><\/div>\r\n<div class=\"portfolio-caption\">\r\nStories that the spectator puts together from suggestions, sometimes minimal, universal, emotional, poetic, \u2026When we create, we do not abandon the intuitive tools of free creation and, consequently, being coherent with the essence and requirements, we break known moulds and explore new territories and theatrical forms of expression.\u00a0\r\n<\/div>\r\n<\/div>\r\n<\/div>\r\n<\/div>\r\n<div class=\"col-md-6 align-self-center text-center\">\r\n<h3>Playwriting<\/h3>\r\n<\/div>\r\n<\/div>\r\n  <div class=\"row m-b-50\">\r\n\r\n<div class=\"col-md-6 align-self-center text-center\">\r\n<h3>Internationalisation<\/h3>\r\n<\/div>\r\n<div class=\"col-md-6 align-self-center text-center\">\r\n\r\n<div class=\"portfolio-item\">\r\n<div class=\"portfolio-wrapper \">\r\n<img alt=\"Markeline\" data-src=\"https:\/\/www.markeline.com\/assets\/media\/compania02.jpg\" class=\"lazyload\">\r\n<div class=\"portfolio-overlay\"><\/div>\r\n<div class=\"portfolio-caption\">\r\nWe create shows for large, open and closed spaces, halls, different ages and communal spaces. In each sphere, we acknowledge a community that has a language of its own, and we propose original, imaginative and surprising creations. For this reason, Markeli\u00f1e has consolidated its position on the theatrical landscape, successfully participating in the international arena.\r\n\r\n<\/div>\r\n<\/div>\r\n<\/div>\r\n<\/div>\r\n\r\n\r\n<section style=\"display: none\">\r\n   <div class=\"container\">\r\n      <hr class=\"my-4\">\r\n      <article class=\"h3 mb-0\" style=\"color : #fff;\">Hemeroteca : espect\u00e1culos pasados<\/article>\r\n   <\/div>\r\n<section class=\"espectaculos__block\">\n\t<div class=\"espectaculos__container container\">\n\t\t<div class=\"espectaculos__carousel owl-carousel owl-theme\" data-dots=\"false\" data-nav=\"true\" data-loop=\"false\" data-margin=\"0\" data-responsive='{ \"0\" : { \"items\" : \"1\" }, \"576\" : { \"items\" : \"2\" }, \"1200\" : { \"items\" : \"3\" } }' data-auto-play=\"true\" data-auto-play-speed=\"600\" data-auto-play-hover-pause=\"true\" data-auto-play-time-out=\"5600\">\n\t\t\t<article class=\"item-espectaculo\">\n\t<div class=\"item-espectaculo__card\">\n\t\t<main class=\"item-espectaculo__main\">\n\t\t\t<h4 class=\"item-espectaculo__title\">\n\t\t\t\tCARBON CLUB\t\t\t<\/h4>\n\t\t\t\t\t\t<footer class=\"item-espectaculo__cta\">\n\t\t\t\t<button class=\"item-espectaculo__button\">\n\t\t\t\t\tMore info\t\t\t\t<\/button>\t\t\t\t\n\t\t\t<\/footer>\t\t\t\n\t\t<\/main>\n\t\t<aside class=\"item-espectaculo__bg\">\n\t\t\t<picture id=\"thumbnail-298\" class=\"cb-img-thumbnail ratio-vertical\"><source media=\"(max-width: 150px)\" data-srcset=\"https:\/\/www.markeline.com\/assets\/media\/Cartel-CARBONCLUB-MARKELIN\u0303E-150x213.jpg\"><source media=\"(max-width: 300px)\" data-srcset=\"https:\/\/www.markeline.com\/assets\/media\/Cartel-CARBONCLUB-MARKELIN\u0303E-300x426.jpg\"><source media=\"(max-width: 400px)\" data-srcset=\"https:\/\/www.markeline.com\/assets\/media\/Cartel-CARBONCLUB-MARKELIN\u0303E-400x568.jpg\"><source media=\"(max-width: 480px)\" data-srcset=\"https:\/\/www.markeline.com\/assets\/media\/Cartel-CARBONCLUB-MARKELIN\u0303E-480x682.jpg\"><source media=\"(max-width: 550px)\" data-srcset=\"https:\/\/www.markeline.com\/assets\/media\/Cartel-CARBONCLUB-MARKELIN\u0303E-550x782.jpg\"><source media=\"(max-width: 768px)\" data-srcset=\"https:\/\/www.markeline.com\/assets\/media\/Cartel-CARBONCLUB-MARKELIN\u0303E-768x1091.jpg\"><img class=\"lazyload \" data-src=\"https:\/\/www.markeline.com\/assets\/media\/Cartel-CARBONCLUB-MARKELIN\u0303E-768x1091.jpg\" alt=\"CARBON CLUB. Espect\u00e1culo de calle de gran formato de Markeli\u00f1e. Nocturno. Emotivo. Cabaret. Mina de carb\u00f3n. Spectacle de rue grand format de Markeli\u00f1e. Nocturne. \u00c9motionnel. Cabaret. Mine de charbon.\"><\/source><\/source><\/source><\/source><\/source><\/source><\/picture>\t\t<\/aside>\n\t\t<a class=\"item-espectaculo__link\" href=\"https:\/\/www.markeline.com\/en\/shows\/carbon-club\"><\/a>\n\t<\/div>\n<\/article><article class=\"item-espectaculo\">\n\t<div class=\"item-espectaculo__card\">\n\t\t<main class=\"item-espectaculo__main\">\n\t\t\t<h4 class=\"item-espectaculo__title\">\n\t\t\t\tLA VUELTA AL MUNDO EN 80 CAJAS\t\t\t<\/h4>\n\t\t\t\t\t\t<div class=\"item-espectaculo__subtitle\">\n\t\t\t\tEspect\u00e1culo familiar<br>\r\n+4 a\u00f1os<br>\r\n<br>\r\n<br>\r\n<br>\r\nEspect\u00e1culo familiar<br>\r\n+ 4 a\u00f1os\t\t\t<\/div>\n\t\t\t\t\t\t<footer class=\"item-espectaculo__cta\">\n\t\t\t\t<button class=\"item-espectaculo__button\">\n\t\t\t\t\tMore info\t\t\t\t<\/button>\t\t\t\t\n\t\t\t<\/footer>\t\t\t\n\t\t<\/main>\n\t\t<aside class=\"item-espectaculo__bg\">\n\t\t\t<picture id=\"thumbnail-1757\" class=\"cb-img-thumbnail ratio-vertical\"><source media=\"(max-width: 150px)\" data-srcset=\"https:\/\/www.markeline.com\/assets\/media\/cartel-la-vuelta-ENVIO-castellano-150x212.jpg\"><source media=\"(max-width: 300px)\" data-srcset=\"https:\/\/www.markeline.com\/assets\/media\/cartel-la-vuelta-ENVIO-castellano-300x424.jpg\"><source media=\"(max-width: 400px)\" data-srcset=\"https:\/\/www.markeline.com\/assets\/media\/cartel-la-vuelta-ENVIO-castellano-400x566.jpg\"><source media=\"(max-width: 480px)\" data-srcset=\"https:\/\/www.markeline.com\/assets\/media\/cartel-la-vuelta-ENVIO-castellano-480x679.jpg\"><source media=\"(max-width: 550px)\" data-srcset=\"https:\/\/www.markeline.com\/assets\/media\/cartel-la-vuelta-ENVIO-castellano-550x778.jpg\"><source media=\"(max-width: 768px)\" data-srcset=\"https:\/\/www.markeline.com\/assets\/media\/cartel-la-vuelta-ENVIO-castellano-768x1086.jpg\"><img class=\"lazyload \" data-src=\"https:\/\/www.markeline.com\/assets\/media\/cartel-la-vuelta-ENVIO-castellano-768x1086.jpg\" alt=\"Cartel obra de teatro Kartoi biraka\"><\/source><\/source><\/source><\/source><\/source><\/source><\/picture>\t\t<\/aside>\n\t\t<a class=\"item-espectaculo__link\" href=\"https:\/\/www.markeline.com\/en\/shows\/la-vuelta-al-mundo-en-80-cajas\"><\/a>\n\t<\/div>\n<\/article><article class=\"item-espectaculo\">\n\t<div class=\"item-espectaculo__card\">\n\t\t<main class=\"item-espectaculo__main\">\n\t\t\t<h4 class=\"item-espectaculo__title\">\n\t\t\t\tPSIKE\t\t\t<\/h4>\n\t\t\t\t\t\t<footer class=\"item-espectaculo__cta\">\n\t\t\t\t<button class=\"item-espectaculo__button\">\n\t\t\t\t\tMore info\t\t\t\t<\/button>\t\t\t\t\n\t\t\t<\/footer>\t\t\t\n\t\t<\/main>\n\t\t<aside class=\"item-espectaculo__bg\">\n\t\t\t<picture id=\"thumbnail-987\" class=\"cb-img-thumbnail ratio-horizontal\"><source media=\"(max-width: 150px)\" data-srcset=\"https:\/\/www.markeline.com\/assets\/media\/MARKELIN\u0303E-PSIKE_8158-copia-Txelu_Angoitia-150x100.jpg\"><source media=\"(max-width: 300px)\" data-srcset=\"https:\/\/www.markeline.com\/assets\/media\/MARKELIN\u0303E-PSIKE_8158-copia-Txelu_Angoitia-300x200.jpg\"><source media=\"(max-width: 400px)\" data-srcset=\"https:\/\/www.markeline.com\/assets\/media\/MARKELIN\u0303E-PSIKE_8158-copia-Txelu_Angoitia-400x267.jpg\"><source media=\"(max-width: 480px)\" data-srcset=\"https:\/\/www.markeline.com\/assets\/media\/MARKELIN\u0303E-PSIKE_8158-copia-Txelu_Angoitia-480x321.jpg\"><source media=\"(max-width: 550px)\" data-srcset=\"https:\/\/www.markeline.com\/assets\/media\/MARKELIN\u0303E-PSIKE_8158-copia-Txelu_Angoitia-550x367.jpg\"><source media=\"(max-width: 768px)\" data-srcset=\"https:\/\/www.markeline.com\/assets\/media\/MARKELIN\u0303E-PSIKE_8158-copia-Txelu_Angoitia-768x513.jpg\"><img class=\"lazyload \" data-src=\"https:\/\/www.markeline.com\/assets\/media\/MARKELIN\u0303E-PSIKE_8158-copia-Txelu_Angoitia-768x513.jpg\" alt=\"PSIKE. Espect\u00e1culo de teatro de calle de gran formato nocturno. Spectacle de th\u00e9\u00e2tre de rue grand format pour la soir\u00e9e. \"><\/source><\/source><\/source><\/source><\/source><\/source><\/picture>\t\t<\/aside>\n\t\t<a class=\"item-espectaculo__link\" href=\"https:\/\/www.markeline.com\/en\/shows\/psike\"><\/a>\n\t<\/div>\n<\/article>\t\t<\/div>\n\t<\/div>\n<\/section>\r\n<\/section><\/div><\/div><\/section>","protected":false},"excerpt":{"rendered":"<p>Since 1984, generating enthusiasm through visual theatre and original creations. Markeli\u00f1e is clearly committed to original and contemporary creations. We create stories that challenge the world and the times in which we live. A critical perspective on our time and memories. Stories where the spectator can feel the pleasure of contemplating their conflicts and contradictions [&hellip;]<\/p>\n","protected":false},"author":1,"featured_media":1052,"parent":0,"menu_order":0,"comment_status":"closed","ping_status":"closed","template":"","meta":{"_acf_changed":false,"footnotes":""},"class_list":["post-1265","page","type-page","status-publish","has-post-thumbnail","hentry"],"acf":[],"yoast_head":"<!-- This site is optimized with the Yoast SEO plugin v27.1.1 - https:\/\/yoast.com\/product\/yoast-seo-wordpress\/ -->\n<title>The company - Markeli\u00f1e- Compa\u00f1\u00eda de Teatro<\/title>\n<meta name=\"robots\" content=\"index, follow, max-snippet:-1, max-image-preview:large, max-video-preview:-1\" \/>\n<link rel=\"canonical\" href=\"https:\/\/www.markeline.com\/en\/the-company\/\" \/>\n<meta property=\"og:locale\" content=\"en_US\" \/>\n<meta property=\"og:type\" content=\"article\" \/>\n<meta property=\"og:title\" content=\"The company - Markeli\u00f1e- Compa\u00f1\u00eda de Teatro\" \/>\n<meta property=\"og:description\" content=\"Since 1984, generating enthusiasm through visual theatre and original creations. Markeli\u00f1e is clearly committed to original and contemporary creations. We create stories that challenge the world and the times in which we live. A critical perspective on our time and memories. Stories where the spectator can feel the pleasure of contemplating their conflicts and contradictions [&hellip;]\" \/>\n<meta property=\"og:url\" content=\"https:\/\/www.markeline.com\/en\/the-company\/\" \/>\n<meta property=\"og:site_name\" content=\"Markeli\u00f1e- Compa\u00f1\u00eda de Teatro\" \/>\n<meta property=\"article:publisher\" content=\"https:\/\/www.facebook.com\/markeline.teatroa\" \/>\n<meta property=\"article:modified_time\" content=\"2023-01-20T11:14:18+00:00\" \/>\n<meta property=\"og:image\" content=\"https:\/\/www.markeline.com\/assets\/media\/MARKELIN\u0303E-Psike_DSC9043NIKON-D800-Luis_Antonio_Barajas.jpg\" \/>\n\t<meta property=\"og:image:width\" content=\"1000\" \/>\n\t<meta property=\"og:image:height\" content=\"724\" \/>\n\t<meta property=\"og:image:type\" content=\"image\/jpeg\" \/>\n<meta name=\"twitter:card\" content=\"summary_large_image\" \/>\n<meta name=\"twitter:site\" content=\"@markelineteatro\" \/>\n<meta name=\"twitter:label1\" content=\"Est. reading time\" \/>\n\t<meta name=\"twitter:data1\" content=\"1 minute\" \/>\n<script type=\"application\/ld+json\" class=\"yoast-schema-graph\">{\"@context\":\"https:\/\/schema.org\",\"@graph\":[{\"@type\":\"WebPage\",\"@id\":\"https:\/\/www.markeline.com\/en\/the-company\/\",\"url\":\"https:\/\/www.markeline.com\/en\/the-company\/\",\"name\":\"The company - Markeli\u00f1e- Compa\u00f1\u00eda de Teatro\",\"isPartOf\":{\"@id\":\"https:\/\/www.markeline.com\/en\/#website\"},\"primaryImageOfPage\":{\"@id\":\"https:\/\/www.markeline.com\/en\/the-company\/#primaryimage\"},\"image\":{\"@id\":\"https:\/\/www.markeline.com\/en\/the-company\/#primaryimage\"},\"thumbnailUrl\":\"https:\/\/www.markeline.com\/assets\/media\/MARKELIN\u0303E-Psike_DSC9043NIKON-D800-Luis_Antonio_Barajas.jpg\",\"datePublished\":\"2021-07-20T08:32:59+00:00\",\"dateModified\":\"2023-01-20T11:14:18+00:00\",\"breadcrumb\":{\"@id\":\"https:\/\/www.markeline.com\/en\/the-company\/#breadcrumb\"},\"inLanguage\":\"en-US\",\"potentialAction\":[{\"@type\":\"ReadAction\",\"target\":[\"https:\/\/www.markeline.com\/en\/the-company\/\"]}]},{\"@type\":\"ImageObject\",\"inLanguage\":\"en-US\",\"@id\":\"https:\/\/www.markeline.com\/en\/the-company\/#primaryimage\",\"url\":\"https:\/\/www.markeline.com\/assets\/media\/MARKELIN\u0303E-Psike_DSC9043NIKON-D800-Luis_Antonio_Barajas.jpg\",\"contentUrl\":\"https:\/\/www.markeline.com\/assets\/media\/MARKELIN\u0303E-Psike_DSC9043NIKON-D800-Luis_Antonio_Barajas.jpg\",\"width\":1000,\"height\":724,\"caption\":\"PSIKE. Espect\u00e1culo de teatro de calle de gran formato nocturno. Spectacle de th\u00e9\u00e2tre de rue grand format pour la soir\u00e9e.\"},{\"@type\":\"BreadcrumbList\",\"@id\":\"https:\/\/www.markeline.com\/en\/the-company\/#breadcrumb\",\"itemListElement\":[{\"@type\":\"ListItem\",\"position\":1,\"name\":\"Portada\",\"item\":\"https:\/\/www.markeline.com\/en\/\"},{\"@type\":\"ListItem\",\"position\":2,\"name\":\"The company\"}]},{\"@type\":\"WebSite\",\"@id\":\"https:\/\/www.markeline.com\/en\/#website\",\"url\":\"https:\/\/www.markeline.com\/en\/\",\"name\":\"Markeli\u00f1e- Compa\u00f1\u00eda de Teatro\",\"description\":\"Teatro de calle | Teatro infantil | Teatro gestual | Teatro visual\",\"publisher\":{\"@id\":\"https:\/\/www.markeline.com\/en\/#organization\"},\"alternateName\":\"Teatro de calle | Teatro infantil | Teatro gestual | Teatro visual\",\"potentialAction\":[{\"@type\":\"SearchAction\",\"target\":{\"@type\":\"EntryPoint\",\"urlTemplate\":\"https:\/\/www.markeline.com\/en\/?s={search_term_string}\"},\"query-input\":{\"@type\":\"PropertyValueSpecification\",\"valueRequired\":true,\"valueName\":\"search_term_string\"}}],\"inLanguage\":\"en-US\"},{\"@type\":\"Organization\",\"@id\":\"https:\/\/www.markeline.com\/en\/#organization\",\"name\":\"Markeli\u00f1e\",\"alternateName\":\"Teatro de calle | Teatro infantil | Teatro gestual | Teatro visual\",\"url\":\"https:\/\/www.markeline.com\/en\/\",\"logo\":{\"@type\":\"ImageObject\",\"inLanguage\":\"en-US\",\"@id\":\"https:\/\/www.markeline.com\/en\/#\/schema\/logo\/image\/\",\"url\":\"https:\/\/www.markeline.com\/assets\/media\/logo-markeline.png\",\"contentUrl\":\"https:\/\/www.markeline.com\/assets\/media\/logo-markeline.png\",\"width\":250,\"height\":64,\"caption\":\"Markeli\u00f1e\"},\"image\":{\"@id\":\"https:\/\/www.markeline.com\/en\/#\/schema\/logo\/image\/\"},\"sameAs\":[\"https:\/\/www.facebook.com\/markeline.teatroa\",\"https:\/\/x.com\/markelineteatro\",\"https:\/\/www.instagram.com\/markelinecompaniateatro\/\",\"https:\/\/www.youtube.com\/channel\/UCmRdAdgp8cP3wCGamc6Llfg\"]}]}<\/script>\n<!-- \/ Yoast SEO plugin. -->","yoast_head_json":{"title":"The company - Markeli\u00f1e- Compa\u00f1\u00eda de Teatro","robots":{"index":"index","follow":"follow","max-snippet":"max-snippet:-1","max-image-preview":"max-image-preview:large","max-video-preview":"max-video-preview:-1"},"canonical":"https:\/\/www.markeline.com\/en\/the-company\/","og_locale":"en_US","og_type":"article","og_title":"The company - Markeli\u00f1e- Compa\u00f1\u00eda de Teatro","og_description":"Since 1984, generating enthusiasm through visual theatre and original creations. Markeli\u00f1e is clearly committed to original and contemporary creations. We create stories that challenge the world and the times in which we live. A critical perspective on our time and memories. Stories where the spectator can feel the pleasure of contemplating their conflicts and contradictions [&hellip;]","og_url":"https:\/\/www.markeline.com\/en\/the-company\/","og_site_name":"Markeli\u00f1e- Compa\u00f1\u00eda de Teatro","article_publisher":"https:\/\/www.facebook.com\/markeline.teatroa","article_modified_time":"2023-01-20T11:14:18+00:00","og_image":[{"width":1000,"height":724,"url":"https:\/\/www.markeline.com\/assets\/media\/MARKELIN\u0303E-Psike_DSC9043NIKON-D800-Luis_Antonio_Barajas.jpg","type":"image\/jpeg"}],"twitter_card":"summary_large_image","twitter_site":"@markelineteatro","twitter_misc":{"Est. reading time":"1 minute"},"schema":{"@context":"https:\/\/schema.org","@graph":[{"@type":"WebPage","@id":"https:\/\/www.markeline.com\/en\/the-company\/","url":"https:\/\/www.markeline.com\/en\/the-company\/","name":"The company - Markeli\u00f1e- Compa\u00f1\u00eda de Teatro","isPartOf":{"@id":"https:\/\/www.markeline.com\/en\/#website"},"primaryImageOfPage":{"@id":"https:\/\/www.markeline.com\/en\/the-company\/#primaryimage"},"image":{"@id":"https:\/\/www.markeline.com\/en\/the-company\/#primaryimage"},"thumbnailUrl":"https:\/\/www.markeline.com\/assets\/media\/MARKELIN\u0303E-Psike_DSC9043NIKON-D800-Luis_Antonio_Barajas.jpg","datePublished":"2021-07-20T08:32:59+00:00","dateModified":"2023-01-20T11:14:18+00:00","breadcrumb":{"@id":"https:\/\/www.markeline.com\/en\/the-company\/#breadcrumb"},"inLanguage":"en-US","potentialAction":[{"@type":"ReadAction","target":["https:\/\/www.markeline.com\/en\/the-company\/"]}]},{"@type":"ImageObject","inLanguage":"en-US","@id":"https:\/\/www.markeline.com\/en\/the-company\/#primaryimage","url":"https:\/\/www.markeline.com\/assets\/media\/MARKELIN\u0303E-Psike_DSC9043NIKON-D800-Luis_Antonio_Barajas.jpg","contentUrl":"https:\/\/www.markeline.com\/assets\/media\/MARKELIN\u0303E-Psike_DSC9043NIKON-D800-Luis_Antonio_Barajas.jpg","width":1000,"height":724,"caption":"PSIKE. Espect\u00e1culo de teatro de calle de gran formato nocturno. Spectacle de th\u00e9\u00e2tre de rue grand format pour la soir\u00e9e."},{"@type":"BreadcrumbList","@id":"https:\/\/www.markeline.com\/en\/the-company\/#breadcrumb","itemListElement":[{"@type":"ListItem","position":1,"name":"Portada","item":"https:\/\/www.markeline.com\/en\/"},{"@type":"ListItem","position":2,"name":"The company"}]},{"@type":"WebSite","@id":"https:\/\/www.markeline.com\/en\/#website","url":"https:\/\/www.markeline.com\/en\/","name":"Markeli\u00f1e- Compa\u00f1\u00eda de Teatro","description":"Teatro de calle | Teatro infantil | Teatro gestual | Teatro visual","publisher":{"@id":"https:\/\/www.markeline.com\/en\/#organization"},"alternateName":"Teatro de calle | Teatro infantil | Teatro gestual | Teatro visual","potentialAction":[{"@type":"SearchAction","target":{"@type":"EntryPoint","urlTemplate":"https:\/\/www.markeline.com\/en\/?s={search_term_string}"},"query-input":{"@type":"PropertyValueSpecification","valueRequired":true,"valueName":"search_term_string"}}],"inLanguage":"en-US"},{"@type":"Organization","@id":"https:\/\/www.markeline.com\/en\/#organization","name":"Markeli\u00f1e","alternateName":"Teatro de calle | Teatro infantil | Teatro gestual | Teatro visual","url":"https:\/\/www.markeline.com\/en\/","logo":{"@type":"ImageObject","inLanguage":"en-US","@id":"https:\/\/www.markeline.com\/en\/#\/schema\/logo\/image\/","url":"https:\/\/www.markeline.com\/assets\/media\/logo-markeline.png","contentUrl":"https:\/\/www.markeline.com\/assets\/media\/logo-markeline.png","width":250,"height":64,"caption":"Markeli\u00f1e"},"image":{"@id":"https:\/\/www.markeline.com\/en\/#\/schema\/logo\/image\/"},"sameAs":["https:\/\/www.facebook.com\/markeline.teatroa","https:\/\/x.com\/markelineteatro","https:\/\/www.instagram.com\/markelinecompaniateatro\/","https:\/\/www.youtube.com\/channel\/UCmRdAdgp8cP3wCGamc6Llfg"]}]}},"_links":{"self":[{"href":"https:\/\/www.markeline.com\/en\/wp-json\/wp\/v2\/pages\/1265","targetHints":{"allow":["GET"]}}],"collection":[{"href":"https:\/\/www.markeline.com\/en\/wp-json\/wp\/v2\/pages"}],"about":[{"href":"https:\/\/www.markeline.com\/en\/wp-json\/wp\/v2\/types\/page"}],"author":[{"embeddable":true,"href":"https:\/\/www.markeline.com\/en\/wp-json\/wp\/v2\/users\/1"}],"replies":[{"embeddable":true,"href":"https:\/\/www.markeline.com\/en\/wp-json\/wp\/v2\/comments?post=1265"}],"version-history":[{"count":3,"href":"https:\/\/www.markeline.com\/en\/wp-json\/wp\/v2\/pages\/1265\/revisions"}],"predecessor-version":[{"id":1641,"href":"https:\/\/www.markeline.com\/en\/wp-json\/wp\/v2\/pages\/1265\/revisions\/1641"}],"wp:featuredmedia":[{"embeddable":true,"href":"https:\/\/www.markeline.com\/en\/wp-json\/wp\/v2\/media\/1052"}],"wp:attachment":[{"href":"https:\/\/www.markeline.com\/en\/wp-json\/wp\/v2\/media?parent=1265"}],"curies":[{"name":"wp","href":"https:\/\/api.w.org\/{rel}","templated":true}]}}