 {"id":1277,"date":"2021-07-20T08:33:38","date_gmt":"2021-07-20T08:33:38","guid":{"rendered":"https:\/\/www.markeline.com\/contacto\/"},"modified":"2025-08-28T13:05:30","modified_gmt":"2025-08-28T13:05:30","slug":"contact","status":"publish","type":"page","link":"https:\/\/www.markeline.com\/en\/contact\/","title":{"rendered":"Contact"},"content":{"rendered":"<div class=\"row\"><section class=\"col-md-6\"><header>\r\n<h3 class=\"h3\">You may contact us at the following address<\/h3>\r\n<div>We would love to know what think about our show.\r\n\r\nMARKELI\u00d1E\r\n\r\nTeresa Sala.\r\n\r\nTel.: (+34) 650 03 87 31\r\n\r\n<a href=\"mailto:mark@markeline.com\">mark@markeline.com<\/a><\/div>\r\n<\/header>\r\n<div style=\"width: 300px; max-width: 100%;\"><img class=\"lazyload\" alt=\"\" width=\"446\" height=\"406\" data-src=\"https:\/\/www.markeline.com\/assets\/media\/mambru_puerta.png\"><\/div>\r\n<\/section><section class=\"col-md-6\">\r\n<div class=\"form-contacto__wrapper\">\n<div class=\"wpcf7 no-js\" id=\"wpcf7-f1306-o1\" lang=\"en-US\" dir=\"ltr\" data-wpcf7-id=\"1306\">\n<div class=\"screen-reader-response\"><p role=\"status\" aria-live=\"polite\" aria-atomic=\"true\"><\/p> <ul><\/ul><\/div>\n<form action=\"\/en\/wp-json\/wp\/v2\/pages\/1277#wpcf7-f1306-o1\" method=\"post\" class=\"wpcf7-form init\" aria-label=\"Contact form\" novalidate=\"novalidate\" data-status=\"init\">\n<fieldset class=\"hidden-fields-container\"><input type=\"hidden\" name=\"_wpcf7\" value=\"1306\"><input type=\"hidden\" name=\"_wpcf7_version\" value=\"6.1.5\"><input type=\"hidden\" name=\"_wpcf7_locale\" value=\"en_US\"><input type=\"hidden\" name=\"_wpcf7_unit_tag\" value=\"wpcf7-f1306-o1\"><input type=\"hidden\" name=\"_wpcf7_container_post\" value=\"0\"><input type=\"hidden\" name=\"_wpcf7_posted_data_hash\" value=\"\">\n<\/fieldset>\n<article class=\"cb-cf7-field field-underline\">\n\t<div class=\"cb-cf7-field__inner\">\n\t\t<p><span class=\"wpcf7-form-control-wrap\" data-name=\"contacto-nombre\"><input size=\"40\" maxlength=\"400\" class=\"wpcf7-form-control wpcf7-text wpcf7-validates-as-required\" aria-required=\"true\" aria-invalid=\"false\" placeholder=\"Name*\" value=\"\" type=\"text\" name=\"contacto-nombre\"><\/span>\n\t\t<\/p>\n\t<\/div>\n<\/article>\n<article class=\"cb-cf7-field field-underline\">\n\t<div class=\"cb-cf7-field__inner\">\n\t\t<p><span class=\"wpcf7-form-control-wrap\" data-name=\"contacto-email\"><input size=\"40\" maxlength=\"400\" class=\"wpcf7-form-control wpcf7-email wpcf7-validates-as-required wpcf7-text wpcf7-validates-as-email\" aria-required=\"true\" aria-invalid=\"false\" placeholder=\"Email*\" value=\"\" type=\"email\" name=\"contacto-email\"><\/span>\n\t\t<\/p>\n\t<\/div>\n<\/article>\n<article class=\"cb-cf7-field field-underline\">\n\t<div class=\"cb-cf7-field__inner\">\n\t\t<p><span class=\"wpcf7-form-control-wrap\" data-name=\"contacto-mensaje\"><textarea cols=\"40\" rows=\"10\" maxlength=\"2000\" class=\"wpcf7-form-control wpcf7-textarea wpcf7-validates-as-required\" aria-required=\"true\" aria-invalid=\"false\" placeholder=\"Mensaje*\" name=\"contacto-mensaje\"><\/textarea><\/span>\n\t\t<\/p>\n\t<\/div>\n<\/article>\n<article class=\"cb-cf7-field\">\n\t<p><span class=\"only-es\">(*) Campos obligatorios<\/span><span class=\"only-en\">(*) Required fields<\/span><span class=\"only-eu\">(*) Beharrezko eremuak<\/span><span class=\"only-fr\">(*) Les champs obligatoires<\/span><span class=\"only-de\">(*) Ben\u00f6tigte Felder<\/span>\n\t<\/p>\n\t<p><label for=\"field-politica-privacidad\" class=\"custom-checkbox\"><span class=\"wpcf7-form-control-wrap\" data-name=\"politica-privacidad\"><span class=\"wpcf7-form-control wpcf7-acceptance\"><span class=\"wpcf7-list-item\"><input type=\"checkbox\" name=\"politica-privacidad\" value=\"1\" class=\"check-politica custom-checkbox-cf\" id=\"field-politica-privacidad\" aria-invalid=\"false\"><\/span><\/span><\/span><span class=\"only-es\">He le\u00eddo y acepto el<a href=\"\/aviso-legal\/\" target=\"_blank\">Aviso legal<\/a><\/span><span class=\"only-en\">I have read and accept the<a href=\"\/en\/legal-warning\" target=\"_blank\">Legal warning<\/a><\/span><span class=\"only-eu\"><a href=\"\/eu\/legezko-oharra\" target=\"_blank\">Legezko oharra<\/a>irakurri eta onartzen dut<\/span><span class=\"only-fr\">J'ai lu et j'accepte le<a href=\"\/fr\/avis-juridique\" target=\"_blank\">Avis juridique<\/a><\/span><span class=\"only-de\">Ich habe die<a href=\"\/de\/rechtlicher-hinweis\" target=\"_blank\">Rechtlicher Hinweis<\/a>gelesen und akzeptiere sie<\/span><\/label>\n\t<\/p>\n<\/article>\n<article class=\"cb-cf7-field field-submit\">\n\t<div class=\"field-submit__inner\">\n\t\t<p><input class=\"wpcf7-form-control wpcf7-submit btn-submit-cf7\" type=\"submit\" value=\"Send\">\n\t\t<\/p>\n\t<\/div>\n<\/article><div class=\"wpcf7-response-output\" aria-hidden=\"true\"><\/div>\n<\/form>\n<\/div>\n<\/div>\r\n<\/section><\/div>","protected":false},"excerpt":{"rendered":"<p>You may contact us at the following address We would love to know what think about our show. MARKELI\u00d1E Teresa Sala. Tel.: (+34) 650 03 87 31 mark@markeline.com<\/p>\n","protected":false},"author":1,"featured_media":1097,"parent":0,"menu_order":0,"comment_status":"closed","ping_status":"closed","template":"templates\/page-with-container.php","meta":{"_acf_changed":false,"footnotes":""},"class_list":["post-1277","page","type-page","status-publish","has-post-thumbnail","hentry"],"acf":[],"yoast_head":"<!-- This site is optimized with the Yoast SEO plugin v27.1.1 - https:\/\/yoast.com\/product\/yoast-seo-wordpress\/ -->\n<title>Contact - Markeli\u00f1e- Compa\u00f1\u00eda de Teatro<\/title>\n<meta name=\"robots\" content=\"index, follow, max-snippet:-1, max-image-preview:large, max-video-preview:-1\" \/>\n<link rel=\"canonical\" href=\"https:\/\/www.markeline.com\/en\/contact\/\" \/>\n<meta property=\"og:locale\" content=\"en_US\" \/>\n<meta property=\"og:type\" content=\"article\" \/>\n<meta property=\"og:title\" content=\"Contact - Markeli\u00f1e- Compa\u00f1\u00eda de Teatro\" \/>\n<meta property=\"og:description\" content=\"You may contact us at the following address We would love to know what think about our show. MARKELI\u00d1E Teresa Sala. Tel.: (+34) 650 03 87 31 mark@markeline.com\" \/>\n<meta property=\"og:url\" content=\"https:\/\/www.markeline.com\/en\/contact\/\" \/>\n<meta property=\"og:site_name\" content=\"Markeli\u00f1e- Compa\u00f1\u00eda de Teatro\" \/>\n<meta property=\"article:publisher\" content=\"https:\/\/www.facebook.com\/markeline.teatroa\" \/>\n<meta property=\"article:modified_time\" content=\"2025-08-28T13:05:30+00:00\" \/>\n<meta property=\"og:image\" content=\"https:\/\/www.markeline.com\/assets\/media\/MARKELIN\u0303E-Psike-3_2_3_Jesus-Mari-Garci\u0301a.jpg\" \/>\n\t<meta property=\"og:image:width\" content=\"1000\" \/>\n\t<meta property=\"og:image:height\" content=\"1250\" \/>\n\t<meta property=\"og:image:type\" content=\"image\/jpeg\" \/>\n<meta name=\"twitter:card\" content=\"summary_large_image\" \/>\n<meta name=\"twitter:site\" content=\"@markelineteatro\" \/>\n<meta name=\"twitter:label1\" content=\"Est. reading time\" \/>\n\t<meta name=\"twitter:data1\" content=\"1 minute\" \/>\n<script type=\"application\/ld+json\" class=\"yoast-schema-graph\">{\"@context\":\"https:\/\/schema.org\",\"@graph\":[{\"@type\":\"WebPage\",\"@id\":\"https:\/\/www.markeline.com\/en\/contact\/\",\"url\":\"https:\/\/www.markeline.com\/en\/contact\/\",\"name\":\"Contact - Markeli\u00f1e- Compa\u00f1\u00eda de Teatro\",\"isPartOf\":{\"@id\":\"https:\/\/www.markeline.com\/en\/#website\"},\"primaryImageOfPage\":{\"@id\":\"https:\/\/www.markeline.com\/en\/contact\/#primaryimage\"},\"image\":{\"@id\":\"https:\/\/www.markeline.com\/en\/contact\/#primaryimage\"},\"thumbnailUrl\":\"https:\/\/www.markeline.com\/assets\/media\/MARKELIN\u0303E-Psike-3_2_3_Jesus-Mari-Garci\u0301a.jpg\",\"datePublished\":\"2021-07-20T08:33:38+00:00\",\"dateModified\":\"2025-08-28T13:05:30+00:00\",\"breadcrumb\":{\"@id\":\"https:\/\/www.markeline.com\/en\/contact\/#breadcrumb\"},\"inLanguage\":\"en-US\",\"potentialAction\":[{\"@type\":\"ReadAction\",\"target\":[\"https:\/\/www.markeline.com\/en\/contact\/\"]}]},{\"@type\":\"ImageObject\",\"inLanguage\":\"en-US\",\"@id\":\"https:\/\/www.markeline.com\/en\/contact\/#primaryimage\",\"url\":\"https:\/\/www.markeline.com\/assets\/media\/MARKELIN\u0303E-Psike-3_2_3_Jesus-Mari-Garci\u0301a.jpg\",\"contentUrl\":\"https:\/\/www.markeline.com\/assets\/media\/MARKELIN\u0303E-Psike-3_2_3_Jesus-Mari-Garci\u0301a.jpg\",\"width\":1000,\"height\":1250,\"caption\":\"PSIKE. Espect\u00e1culo de teatro de calle de gran formato nocturno. Spectacle de th\u00e9\u00e2tre de rue grand format pour la soir\u00e9e.\"},{\"@type\":\"BreadcrumbList\",\"@id\":\"https:\/\/www.markeline.com\/en\/contact\/#breadcrumb\",\"itemListElement\":[{\"@type\":\"ListItem\",\"position\":1,\"name\":\"Portada\",\"item\":\"https:\/\/www.markeline.com\/en\/\"},{\"@type\":\"ListItem\",\"position\":2,\"name\":\"Contact\"}]},{\"@type\":\"WebSite\",\"@id\":\"https:\/\/www.markeline.com\/en\/#website\",\"url\":\"https:\/\/www.markeline.com\/en\/\",\"name\":\"Markeli\u00f1e- Compa\u00f1\u00eda de Teatro\",\"description\":\"Teatro de calle | Teatro infantil | Teatro gestual | Teatro visual\",\"publisher\":{\"@id\":\"https:\/\/www.markeline.com\/en\/#organization\"},\"alternateName\":\"Teatro de calle | Teatro infantil | Teatro gestual | Teatro visual\",\"potentialAction\":[{\"@type\":\"SearchAction\",\"target\":{\"@type\":\"EntryPoint\",\"urlTemplate\":\"https:\/\/www.markeline.com\/en\/?s={search_term_string}\"},\"query-input\":{\"@type\":\"PropertyValueSpecification\",\"valueRequired\":true,\"valueName\":\"search_term_string\"}}],\"inLanguage\":\"en-US\"},{\"@type\":\"Organization\",\"@id\":\"https:\/\/www.markeline.com\/en\/#organization\",\"name\":\"Markeli\u00f1e\",\"alternateName\":\"Teatro de calle | Teatro infantil | Teatro gestual | Teatro visual\",\"url\":\"https:\/\/www.markeline.com\/en\/\",\"logo\":{\"@type\":\"ImageObject\",\"inLanguage\":\"en-US\",\"@id\":\"https:\/\/www.markeline.com\/en\/#\/schema\/logo\/image\/\",\"url\":\"https:\/\/www.markeline.com\/assets\/media\/logo-markeline.png\",\"contentUrl\":\"https:\/\/www.markeline.com\/assets\/media\/logo-markeline.png\",\"width\":250,\"height\":64,\"caption\":\"Markeli\u00f1e\"},\"image\":{\"@id\":\"https:\/\/www.markeline.com\/en\/#\/schema\/logo\/image\/\"},\"sameAs\":[\"https:\/\/www.facebook.com\/markeline.teatroa\",\"https:\/\/x.com\/markelineteatro\",\"https:\/\/www.instagram.com\/markelinecompaniateatro\/\",\"https:\/\/www.youtube.com\/channel\/UCmRdAdgp8cP3wCGamc6Llfg\"]}]}<\/script>\n<!-- \/ Yoast SEO plugin. -->","yoast_head_json":{"title":"Contact - Markeli\u00f1e- Compa\u00f1\u00eda de Teatro","robots":{"index":"index","follow":"follow","max-snippet":"max-snippet:-1","max-image-preview":"max-image-preview:large","max-video-preview":"max-video-preview:-1"},"canonical":"https:\/\/www.markeline.com\/en\/contact\/","og_locale":"en_US","og_type":"article","og_title":"Contact - Markeli\u00f1e- Compa\u00f1\u00eda de Teatro","og_description":"You may contact us at the following address We would love to know what think about our show. MARKELI\u00d1E Teresa Sala. Tel.: (+34) 650 03 87 31 mark@markeline.com","og_url":"https:\/\/www.markeline.com\/en\/contact\/","og_site_name":"Markeli\u00f1e- Compa\u00f1\u00eda de Teatro","article_publisher":"https:\/\/www.facebook.com\/markeline.teatroa","article_modified_time":"2025-08-28T13:05:30+00:00","og_image":[{"width":1000,"height":1250,"url":"https:\/\/www.markeline.com\/assets\/media\/MARKELIN\u0303E-Psike-3_2_3_Jesus-Mari-Garci\u0301a.jpg","type":"image\/jpeg"}],"twitter_card":"summary_large_image","twitter_site":"@markelineteatro","twitter_misc":{"Est. reading time":"1 minute"},"schema":{"@context":"https:\/\/schema.org","@graph":[{"@type":"WebPage","@id":"https:\/\/www.markeline.com\/en\/contact\/","url":"https:\/\/www.markeline.com\/en\/contact\/","name":"Contact - Markeli\u00f1e- Compa\u00f1\u00eda de Teatro","isPartOf":{"@id":"https:\/\/www.markeline.com\/en\/#website"},"primaryImageOfPage":{"@id":"https:\/\/www.markeline.com\/en\/contact\/#primaryimage"},"image":{"@id":"https:\/\/www.markeline.com\/en\/contact\/#primaryimage"},"thumbnailUrl":"https:\/\/www.markeline.com\/assets\/media\/MARKELIN\u0303E-Psike-3_2_3_Jesus-Mari-Garci\u0301a.jpg","datePublished":"2021-07-20T08:33:38+00:00","dateModified":"2025-08-28T13:05:30+00:00","breadcrumb":{"@id":"https:\/\/www.markeline.com\/en\/contact\/#breadcrumb"},"inLanguage":"en-US","potentialAction":[{"@type":"ReadAction","target":["https:\/\/www.markeline.com\/en\/contact\/"]}]},{"@type":"ImageObject","inLanguage":"en-US","@id":"https:\/\/www.markeline.com\/en\/contact\/#primaryimage","url":"https:\/\/www.markeline.com\/assets\/media\/MARKELIN\u0303E-Psike-3_2_3_Jesus-Mari-Garci\u0301a.jpg","contentUrl":"https:\/\/www.markeline.com\/assets\/media\/MARKELIN\u0303E-Psike-3_2_3_Jesus-Mari-Garci\u0301a.jpg","width":1000,"height":1250,"caption":"PSIKE. Espect\u00e1culo de teatro de calle de gran formato nocturno. Spectacle de th\u00e9\u00e2tre de rue grand format pour la soir\u00e9e."},{"@type":"BreadcrumbList","@id":"https:\/\/www.markeline.com\/en\/contact\/#breadcrumb","itemListElement":[{"@type":"ListItem","position":1,"name":"Portada","item":"https:\/\/www.markeline.com\/en\/"},{"@type":"ListItem","position":2,"name":"Contact"}]},{"@type":"WebSite","@id":"https:\/\/www.markeline.com\/en\/#website","url":"https:\/\/www.markeline.com\/en\/","name":"Markeli\u00f1e- Compa\u00f1\u00eda de Teatro","description":"Teatro de calle | Teatro infantil | Teatro gestual | Teatro visual","publisher":{"@id":"https:\/\/www.markeline.com\/en\/#organization"},"alternateName":"Teatro de calle | Teatro infantil | Teatro gestual | Teatro visual","potentialAction":[{"@type":"SearchAction","target":{"@type":"EntryPoint","urlTemplate":"https:\/\/www.markeline.com\/en\/?s={search_term_string}"},"query-input":{"@type":"PropertyValueSpecification","valueRequired":true,"valueName":"search_term_string"}}],"inLanguage":"en-US"},{"@type":"Organization","@id":"https:\/\/www.markeline.com\/en\/#organization","name":"Markeli\u00f1e","alternateName":"Teatro de calle | Teatro infantil | Teatro gestual | Teatro visual","url":"https:\/\/www.markeline.com\/en\/","logo":{"@type":"ImageObject","inLanguage":"en-US","@id":"https:\/\/www.markeline.com\/en\/#\/schema\/logo\/image\/","url":"https:\/\/www.markeline.com\/assets\/media\/logo-markeline.png","contentUrl":"https:\/\/www.markeline.com\/assets\/media\/logo-markeline.png","width":250,"height":64,"caption":"Markeli\u00f1e"},"image":{"@id":"https:\/\/www.markeline.com\/en\/#\/schema\/logo\/image\/"},"sameAs":["https:\/\/www.facebook.com\/markeline.teatroa","https:\/\/x.com\/markelineteatro","https:\/\/www.instagram.com\/markelinecompaniateatro\/","https:\/\/www.youtube.com\/channel\/UCmRdAdgp8cP3wCGamc6Llfg"]}]}},"_links":{"self":[{"href":"https:\/\/www.markeline.com\/en\/wp-json\/wp\/v2\/pages\/1277","targetHints":{"allow":["GET"]}}],"collection":[{"href":"https:\/\/www.markeline.com\/en\/wp-json\/wp\/v2\/pages"}],"about":[{"href":"https:\/\/www.markeline.com\/en\/wp-json\/wp\/v2\/types\/page"}],"author":[{"embeddable":true,"href":"https:\/\/www.markeline.com\/en\/wp-json\/wp\/v2\/users\/1"}],"replies":[{"embeddable":true,"href":"https:\/\/www.markeline.com\/en\/wp-json\/wp\/v2\/comments?post=1277"}],"version-history":[{"count":7,"href":"https:\/\/www.markeline.com\/en\/wp-json\/wp\/v2\/pages\/1277\/revisions"}],"predecessor-version":[{"id":3681,"href":"https:\/\/www.markeline.com\/en\/wp-json\/wp\/v2\/pages\/1277\/revisions\/3681"}],"wp:featuredmedia":[{"embeddable":true,"href":"https:\/\/www.markeline.com\/en\/wp-json\/wp\/v2\/media\/1097"}],"wp:attachment":[{"href":"https:\/\/www.markeline.com\/en\/wp-json\/wp\/v2\/media?parent=1277"}],"curies":[{"name":"wp","href":"https:\/\/api.w.org\/{rel}","templated":true}]}}